{"id":21,"date":"2026-01-20T16:38:34","date_gmt":"2026-01-20T16:38:34","guid":{"rendered":"https:\/\/fireandmemory.com\/?page_id=21"},"modified":"2026-01-20T16:38:34","modified_gmt":"2026-01-20T16:38:34","slug":"acces-lecteurs","status":"publish","type":"page","link":"https:\/\/fireandmemory.com\/index.php\/acces-lecteurs\/","title":{"rendered":"Acc\u00e8s lecteurs"},"content":{"rendered":"\n<h1 class=\"wp-block-heading\">Acc\u00e8s lecteurs<\/h1>\n\n\n\n<p>Cette section regroupe les documents compl\u00e9mentaires associ\u00e9s aux ouvrages.<\/p>\n\n\n\n<h2 class=\"wp-block-heading\"><strong>Espace Candidats<\/strong> <\/h2>\n\n\n\n<p>Ressources li\u00e9es \u00e0 l&#8217;ouvrage <em>Raisonner en officier<\/em>.<\/p>\n\n\n\n<ul class=\"wp-block-list\">\n<li>Sujets corrig\u00e9s.<\/li>\n\n\n\n<li>Matrices d&#8217;analyse. [Acc\u00e9der]<\/li>\n<\/ul>\n","protected":false},"excerpt":{"rendered":"<p>Acc\u00e8s lecteurs Cette section regroupe les documents compl\u00e9mentaires associ\u00e9s aux ouvrages. Espace Candidats Ressources li\u00e9es \u00e0 l&#8217;ouvrage Raisonner en officier.<\/p>\n","protected":false},"author":1,"featured_media":0,"parent":0,"menu_order":0,"comment_status":"closed","ping_status":"closed","template":"","meta":{"_kad_post_transparent":"","_kad_post_title":"","_kad_post_layout":"","_kad_post_sidebar_id":"","_kad_post_content_style":"","_kad_post_vertical_padding":"","_kad_post_feature":"","_kad_post_feature_position":"","_kad_post_header":false,"_kad_post_footer":false,"_kad_post_classname":"","footnotes":""},"class_list":["post-21","page","type-page","status-publish","hentry"],"_links":{"self":[{"href":"https:\/\/fireandmemory.com\/index.php\/wp-json\/wp\/v2\/pages\/21","targetHints":{"allow":["GET"]}}],"collection":[{"href":"https:\/\/fireandmemory.com\/index.php\/wp-json\/wp\/v2\/pages"}],"about":[{"href":"https:\/\/fireandmemory.com\/index.php\/wp-json\/wp\/v2\/types\/page"}],"author":[{"embeddable":true,"href":"https:\/\/fireandmemory.com\/index.php\/wp-json\/wp\/v2\/users\/1"}],"replies":[{"embeddable":true,"href":"https:\/\/fireandmemory.com\/index.php\/wp-json\/wp\/v2\/comments?post=21"}],"version-history":[{"count":1,"href":"https:\/\/fireandmemory.com\/index.php\/wp-json\/wp\/v2\/pages\/21\/revisions"}],"predecessor-version":[{"id":22,"href":"https:\/\/fireandmemory.com\/index.php\/wp-json\/wp\/v2\/pages\/21\/revisions\/22"}],"wp:attachment":[{"href":"https:\/\/fireandmemory.com\/index.php\/wp-json\/wp\/v2\/media?parent=21"}],"curies":[{"name":"wp","href":"https:\/\/api.w.org\/{rel}","templated":true}]}}