{"id":23,"date":"2026-01-20T16:40:17","date_gmt":"2026-01-20T16:40:17","guid":{"rendered":"https:\/\/fireandmemory.com\/?page_id=23"},"modified":"2026-01-20T16:40:17","modified_gmt":"2026-01-20T16:40:17","slug":"contact","status":"publish","type":"page","link":"https:\/\/fireandmemory.com\/index.php\/contact\/","title":{"rendered":"Contact"},"content":{"rendered":"\n<h1 class=\"wp-block-heading\"><strong>Contact &amp; Droits<\/strong><\/h1>\n\n\n\n<p>Fire &amp; Memory est une structure ouverte aux \u00e9changes institutionnels et acad\u00e9miques.<\/p>\n\n\n\n<h2 class=\"wp-block-heading\"><strong>Contact<\/strong> <\/h2>\n\n\n\n<p>Pour toute question relative au catalogue. [Adresse email]<\/p>\n\n\n\n<h2 class=\"wp-block-heading\"><strong>Droits \u00e9trangers &amp; Cessions<\/strong> <\/h2>\n\n\n\n<p>Demandes de traduction ou d&#8217;adaptation (<em>Narrative Non-Fiction<\/em> et Doctrine).<\/p>\n\n\n\n<h2 class=\"wp-block-heading\"><strong>Institutions<\/strong> <\/h2>\n\n\n\n<p>Collaborations avec services d&#8217;archives, mus\u00e9es et centres de formation.<\/p>\n","protected":false},"excerpt":{"rendered":"<p>Contact &amp; Droits Fire &amp; Memory est une structure ouverte aux \u00e9changes institutionnels et acad\u00e9miques. Contact Pour toute question relative au catalogue. [Adresse email] Droits \u00e9trangers &amp; Cessions Demandes de traduction ou d&#8217;adaptation (Narrative Non-Fiction et Doctrine). Institutions Collaborations avec services d&#8217;archives, mus\u00e9es et centres de formation.<\/p>\n","protected":false},"author":1,"featured_media":0,"parent":0,"menu_order":0,"comment_status":"closed","ping_status":"closed","template":"","meta":{"_kad_post_transparent":"","_kad_post_title":"","_kad_post_layout":"","_kad_post_sidebar_id":"","_kad_post_content_style":"","_kad_post_vertical_padding":"","_kad_post_feature":"","_kad_post_feature_position":"","_kad_post_header":false,"_kad_post_footer":false,"_kad_post_classname":"","footnotes":""},"class_list":["post-23","page","type-page","status-publish","hentry"],"_links":{"self":[{"href":"https:\/\/fireandmemory.com\/index.php\/wp-json\/wp\/v2\/pages\/23","targetHints":{"allow":["GET"]}}],"collection":[{"href":"https:\/\/fireandmemory.com\/index.php\/wp-json\/wp\/v2\/pages"}],"about":[{"href":"https:\/\/fireandmemory.com\/index.php\/wp-json\/wp\/v2\/types\/page"}],"author":[{"embeddable":true,"href":"https:\/\/fireandmemory.com\/index.php\/wp-json\/wp\/v2\/users\/1"}],"replies":[{"embeddable":true,"href":"https:\/\/fireandmemory.com\/index.php\/wp-json\/wp\/v2\/comments?post=23"}],"version-history":[{"count":1,"href":"https:\/\/fireandmemory.com\/index.php\/wp-json\/wp\/v2\/pages\/23\/revisions"}],"predecessor-version":[{"id":24,"href":"https:\/\/fireandmemory.com\/index.php\/wp-json\/wp\/v2\/pages\/23\/revisions\/24"}],"wp:attachment":[{"href":"https:\/\/fireandmemory.com\/index.php\/wp-json\/wp\/v2\/media?parent=23"}],"curies":[{"name":"wp","href":"https:\/\/api.w.org\/{rel}","templated":true}]}}