{"id":7,"date":"2026-01-20T15:55:44","date_gmt":"2026-01-20T15:55:44","guid":{"rendered":"https:\/\/fireandmemory.com\/?page_id=7"},"modified":"2026-01-20T16:10:36","modified_gmt":"2026-01-20T16:10:36","slug":"la-maison","status":"publish","type":"page","link":"https:\/\/fireandmemory.com\/","title":{"rendered":"La maison"},"content":{"rendered":"\n<h1 class=\"wp-block-heading\"><strong>Feu, D\u00e9cision et M\u00e9moire : Une architecture intellectuelle<\/strong><\/h1>\n\n\n\n<h2 class=\"wp-block-heading\"><strong>Identit\u00e9<\/strong> <\/h2>\n\n\n\n<p><em>Fire &amp; Memory<\/em> est une plateforme de recherche et de cr\u00e9ation \u00e9ditoriale d\u00e9di\u00e9e \u00e0 l\u2019\u00e9tude des organisations humaines confront\u00e9es au risque. Elle centralise l&#8217;ensemble des travaux de Nicolas Folio, assurant la coh\u00e9rence entre l&#8217;exp\u00e9rience op\u00e9rationnelle, la rigueur historique et l&#8217;analyse d\u00e9cisionnelle.<\/p>\n\n\n\n<h2 class=\"wp-block-heading\"><strong>Positionnement<\/strong> <\/h2>\n\n\n\n<p><em>Fire &amp; Memory<\/em> construit un corpus coh\u00e9rent qui se distingue par :<\/p>\n\n\n\n<ul class=\"wp-block-list\">\n<li><strong>Une exigence de m\u00e9thode :<\/strong> Le v\u00e9cu op\u00e9rationnel ne constitue pas, \u00e0 lui seul, une doctrine. Il doit \u00eatre confront\u00e9 \u00e0 l&#8217;analyse.<\/li>\n\n\n\n<li><strong>Une approche critique de l&#8217;histoire :<\/strong> Le pass\u00e9 est trait\u00e9 comme un outil de compr\u00e9hension des m\u00e9canismes de s\u00e9curit\u00e9 civile, et non comme un objet de comm\u00e9moration.<\/li>\n\n\n\n<li><strong>Un refus du &#8220;coaching&#8221; hors-sol :<\/strong> Le management op\u00e9rationnel est indissociable du terrain et de ses contraintes sp\u00e9cifiques.<\/li>\n<\/ul>\n\n\n\n<p>La maison publie :<\/p>\n\n\n\n<ul class=\"wp-block-list\">\n<li>Des ouvrages de doctrine pour les officiers et d\u00e9cideurs.<\/li>\n\n\n\n<li>Des r\u00e9cits historiques (<em>Narrative Non-Fiction<\/em>) appuy\u00e9s sur sources primaires.<\/li>\n\n\n\n<li>Des biographies con\u00e7ues comme objets d\u2019analyse sociale.<\/li>\n<\/ul>\n\n\n\n<h2 class=\"wp-block-heading\"><strong>Structures de publication<\/strong> <\/h2>\n\n\n\n<p><em>Fire &amp; Memory<\/em> orchestre la production intellectuelle, mais la publication est op\u00e9r\u00e9e par trois structures distinctes, adapt\u00e9es \u00e0 la nature de chaque ouvrage :<\/p>\n\n\n\n<ul class=\"wp-block-list\">\n<li><strong>Fire &amp; Memory Editions :<\/strong> Imprint d\u00e9di\u00e9 aux programmes de recherche internationaux (<em>Comparative Fire History<\/em>) et \u00e0 la <em>Narrative Non-Fiction<\/em>. Publications trilingues (Anglais, Allemand, Fran\u00e7ais) couvrant l&#8217;Europe et l&#8217;Am\u00e9rique du Nord.<\/li>\n\n\n\n<li><strong>Les \u00c9ditions de la M\u00e9thode :<\/strong> Structure d\u00e9di\u00e9e \u00e0 la doctrine, \u00e0 la m\u00e9thode op\u00e9rationnelle et \u00e0 l&#8217;outillage intellectuel des officiers et d\u00e9cideurs.<\/li>\n\n\n\n<li><strong>Publications Associatives &amp; Partenariales :<\/strong> Ouvrages biographiques et m\u00e9moriels port\u00e9s par les institutions d\u00e9positaires du patrimoine (Amicales, Associations d&#8217;anciens, Mus\u00e9es).<\/li>\n<\/ul>\n\n\n\n<h2 class=\"wp-block-heading\"><strong>L&#8217;Auteur<\/strong> <\/h2>\n\n\n\n<p>Au sein de cet \u00e9cosyst\u00e8me, l\u2019auteur est l\u2019op\u00e9rateur de recherche. Le site <em>Fire &amp; Memory<\/em> garantit l&#8217;unit\u00e9 du corpus au-del\u00e0 de la diversit\u00e9 des \u00e9diteurs.<\/p>\n\n\n\n<p><\/p>\n","protected":false},"excerpt":{"rendered":"<p>Feu, D\u00e9cision et M\u00e9moire : Une architecture intellectuelle Identit\u00e9 Fire &amp; Memory est une plateforme de recherche et de cr\u00e9ation \u00e9ditoriale d\u00e9di\u00e9e \u00e0 l\u2019\u00e9tude des organisations humaines confront\u00e9es au risque. Elle centralise l&#8217;ensemble des travaux de Nicolas Folio, assurant la coh\u00e9rence entre l&#8217;exp\u00e9rience op\u00e9rationnelle, la rigueur historique et l&#8217;analyse d\u00e9cisionnelle. Positionnement Fire &amp; Memory construit&#8230;<\/p>\n","protected":false},"author":1,"featured_media":0,"parent":0,"menu_order":0,"comment_status":"closed","ping_status":"closed","template":"","meta":{"_kad_post_transparent":"","_kad_post_title":"","_kad_post_layout":"","_kad_post_sidebar_id":"","_kad_post_content_style":"","_kad_post_vertical_padding":"","_kad_post_feature":"","_kad_post_feature_position":"","_kad_post_header":false,"_kad_post_footer":false,"_kad_post_classname":"","footnotes":""},"class_list":["post-7","page","type-page","status-publish","hentry"],"_links":{"self":[{"href":"https:\/\/fireandmemory.com\/index.php\/wp-json\/wp\/v2\/pages\/7","targetHints":{"allow":["GET"]}}],"collection":[{"href":"https:\/\/fireandmemory.com\/index.php\/wp-json\/wp\/v2\/pages"}],"about":[{"href":"https:\/\/fireandmemory.com\/index.php\/wp-json\/wp\/v2\/types\/page"}],"author":[{"embeddable":true,"href":"https:\/\/fireandmemory.com\/index.php\/wp-json\/wp\/v2\/users\/1"}],"replies":[{"embeddable":true,"href":"https:\/\/fireandmemory.com\/index.php\/wp-json\/wp\/v2\/comments?post=7"}],"version-history":[{"count":3,"href":"https:\/\/fireandmemory.com\/index.php\/wp-json\/wp\/v2\/pages\/7\/revisions"}],"predecessor-version":[{"id":12,"href":"https:\/\/fireandmemory.com\/index.php\/wp-json\/wp\/v2\/pages\/7\/revisions\/12"}],"wp:attachment":[{"href":"https:\/\/fireandmemory.com\/index.php\/wp-json\/wp\/v2\/media?parent=7"}],"curies":[{"name":"wp","href":"https:\/\/api.w.org\/{rel}","templated":true}]}}